{"id":21,"date":"2019-11-26T15:46:58","date_gmt":"2019-11-26T20:46:58","guid":{"rendered":"https:\/\/meteo.jazzfaction.ca\/?page_id=21"},"modified":"2020-01-30T23:35:21","modified_gmt":"2020-01-31T04:35:21","slug":"bios","status":"publish","type":"page","link":"https:\/\/meteo.jazzfaction.ca\/en\/bios\/","title":{"rendered":"Bios"},"content":{"rendered":"<div data-elementor-type=\"wp-page\" data-elementor-id=\"21\" class=\"elementor elementor-21\">\n\t\t\t\t\t\t<section class=\"elementor-section elementor-top-section elementor-element elementor-element-3c839d3 elementor-section-boxed elementor-section-height-default elementor-section-height-default\" data-id=\"3c839d3\" data-element_type=\"section\" data-e-type=\"section\">\n\t\t\t\t\t\t<div class=\"elementor-container elementor-column-gap-default\">\n\t\t\t\t\t<div class=\"elementor-column elementor-col-100 elementor-top-column elementor-element elementor-element-7133ccd\" data-id=\"7133ccd\" data-element_type=\"column\" data-e-type=\"column\">\n\t\t\t<div class=\"elementor-widget-wrap elementor-element-populated\">\n\t\t\t\t\t\t<div class=\"elementor-element elementor-element-af0477c elementor-widget elementor-widget-text-editor\" data-id=\"af0477c\" data-element_type=\"widget\" data-e-type=\"widget\" data-widget_type=\"text-editor.default\">\n\t\t\t\t<div class=\"elementor-widget-container\">\n\t\t\t\t\t\t\t\t\t<h3><span style=\"color: #000000;\">&nbsp;<\/span><\/h3>\n<h3><span style=\"color: #000000;\">PASCAL <strong>TREMBLAY<\/strong><i style=\"font-size: 1.125rem;\">&nbsp;<\/i><\/span><\/h3>\n<p><span style=\"color: #000000; font-size: 1.125rem;\">He goes on to play in the Carabeans and throughout Europe where he starts to write his own music while he still is a teenager. He helps maintain jazz in the Laurentians and around his hometown by playing in many clubs for years. First a saxophone player, he also records and plays with diverse artists like Gilles Vigneault and Gary Boudreault as a bass player; just like with La Corde de Bois, a band that he co-founded. A pillar of the jazz scene in the laurentians, his project named Jazz Faction earned him to be chosen to represent Canada at the 2005 A\u00efchi International Exposition, in Japan, just as the 2007 UNESCO Summit, in Ottawa. He got nominated at the Grand Prix General Motors in the 2006 Montreal International Jazz Festival as well as in the Galaxie contest. On the scene since 2008, LUEURS specifically illustrates the bond between impressionist era compositions and modern jazz. The CD has been nominated Best jazz album of the year - ADISQ 2011.<\/span><\/p><p class=\"translation-block\"><span style=\"font-size: 1.125rem;color: #000000\">His last music is a symphonic suite in 5 movements - Weather Cycle for Jazz Quartet &amp; Orchestra. The work was premiered on March 23, 2019 at the Oscar-Peterson Hall in Montreal, with the Orchestre symphonique de l'Isle, conducted by Cristian Gort.<\/span><\/p>\n<p><\/p>\t\t\t\t\t\t\t\t<\/div>\n\t\t\t\t<\/div>\n\t\t\t\t\t<\/div>\n\t\t<\/div>\n\t\t\t\t\t<\/div>\n\t\t<\/section>\n\t\t\t\t<section class=\"elementor-section elementor-top-section elementor-element elementor-element-c691e5d elementor-section-boxed elementor-section-height-default elementor-section-height-default\" data-id=\"c691e5d\" data-element_type=\"section\" data-e-type=\"section\">\n\t\t\t\t\t\t<div class=\"elementor-container elementor-column-gap-default\">\n\t\t\t\t\t<div class=\"elementor-column elementor-col-100 elementor-top-column elementor-element elementor-element-64d8d2d\" data-id=\"64d8d2d\" data-element_type=\"column\" data-e-type=\"column\">\n\t\t\t<div class=\"elementor-widget-wrap elementor-element-populated\">\n\t\t\t\t\t\t<div class=\"elementor-element elementor-element-e141f60 elementor-widget elementor-widget-text-editor\" data-id=\"e141f60\" data-element_type=\"widget\" data-e-type=\"widget\" data-widget_type=\"text-editor.default\">\n\t\t\t\t<div class=\"elementor-widget-container\">\n\t\t\t\t\t\t\t\t\t<h3>SYLVAIN <b>PROVOST<\/b><\/h3><p><span style=\"font-family: avenir; color: #000000;\"><span style=\"color:\">Guitarist Sylvain Provost is a leading light in Qu\u00e9bec\u2019s Jazz scene. In 1983 he won the \u00abYamaha Prize\u00bb with the group\nQUARTZ at \u00abThe Montreal Jazz Festival\u00bb. With his Trio, he has recorded a number of broadcasts for Radio-Canada\nand Radio Qu\u00e9bec. With his long-time bassist cohort, Norman Lachapelle he has produced a host of recordings,\nwinning nominations and awards at the ADISQ, JUNO\u2019s and Opus Awards.For 25 years now, Sylvain has taken part in countless professional collaborations in concerts and recordings with the likes of Gerry Boulet, Oliver Jones, Yannick Rieu, Karen Young, Jean-Pierre Zanella, T\u00e9rez Montcalm, Sylvain Leli\u00e8vre, \u00abLA LA LA Human Steps\u00bb (with whom he toured around the world) and many other Qu\u00e9bec and France performers. With his new acoustic trio, we can now enjoy D\u00e9sirs D\u00e9mod\u00e9s, his latest own CD released in spring 2009.<\/span><\/span><br \/><span style=\"font-family: avenir; color: #000000;\"><br>  <\/br> <i>D\u00e9sirs d\u00e9mod\u00e9s<\/i>, an album totally filled with new inspirations<\/span><span style=\"color: #000000; letter-spacing: 0px; font-size: 1.125rem;\">\u00a0<\/span><\/p><p>\u00a0<\/p>\t\t\t\t\t\t\t\t<\/div>\n\t\t\t\t<\/div>\n\t\t\t\t\t<\/div>\n\t\t<\/div>\n\t\t\t\t\t<\/div>\n\t\t<\/section>\n\t\t\t\t<section class=\"elementor-section elementor-top-section elementor-element elementor-element-419abfe elementor-section-boxed elementor-section-height-default elementor-section-height-default\" data-id=\"419abfe\" data-element_type=\"section\" data-e-type=\"section\">\n\t\t\t\t\t\t<div class=\"elementor-container elementor-column-gap-default\">\n\t\t\t\t\t<div class=\"elementor-column elementor-col-100 elementor-top-column elementor-element elementor-element-929c841\" data-id=\"929c841\" data-element_type=\"column\" data-e-type=\"column\">\n\t\t\t<div class=\"elementor-widget-wrap elementor-element-populated\">\n\t\t\t\t\t\t<div class=\"elementor-element elementor-element-67b4e3e elementor-widget elementor-widget-text-editor\" data-id=\"67b4e3e\" data-element_type=\"widget\" data-e-type=\"widget\" data-widget_type=\"text-editor.default\">\n\t\t\t\t<div class=\"elementor-widget-container\">\n\t\t\t\t\t\t\t\t\t<h3>FR\u00c9D\u00c9RIC <strong>ALARIE<\/strong><span style=\"font-family: 'Playfair Display', serif; font-size: 1.125rem;\">&nbsp;<\/span><\/h3>\n<h6><span style=\"font-family: avenir; color: #000000;\">On the jazz scene since the late 80\u2019s, this double bass player and composer is innovator, inspired, capable of remarkable improvisations, with a prodigious mastering of his instrument. Qualities that provides him a great recognition\namongst the grand jazz players in Canada. Having worked regularly with Lorraine Desmarais and Yannick Rieu, he also performed with Oliver Jones, Ranee Lee and Sheila Jordan. His participation at jazz festivals and many radio\nevents have contributed to the acquaintance of the musician and his work in Canada and many countries in Europe.\nThis international recognition makes his way by the magic of meetings and fabulous projects with the American musicians\nRay Anderson, Sonny Fortune and Art Johnson. His personnal recordings are critically acclaimed and in 1997 his very first personal disc Vision-Basse Section have been rewarded by nominations of l\u2019ADISQ and Saison Jazz\nMontreal named him \u00abDiscovery of the year\u00bb. Fr\u00e9d\u00e9ric Alarie amazes you by the colour, depth and audacity of his work; musician, composer, soloist, he\u2019s always able to extend the limits of his expression and those of jazz.<\/span><\/h6><h6><span style=\"font-family: avenir; color: #000000;\"><br><\/span><\/h6>\t\t\t\t\t\t\t\t<\/div>\n\t\t\t\t<\/div>\n\t\t\t\t\t<\/div>\n\t\t<\/div>\n\t\t\t\t\t<\/div>\n\t\t<\/section>\n\t\t\t\t<section class=\"elementor-section elementor-top-section elementor-element elementor-element-d053a91 elementor-section-boxed elementor-section-height-default elementor-section-height-default\" data-id=\"d053a91\" data-element_type=\"section\" data-e-type=\"section\">\n\t\t\t\t\t\t<div class=\"elementor-container elementor-column-gap-default\">\n\t\t\t\t\t<div class=\"elementor-column elementor-col-100 elementor-top-column elementor-element elementor-element-e69db5a\" data-id=\"e69db5a\" data-element_type=\"column\" data-e-type=\"column\">\n\t\t\t<div class=\"elementor-widget-wrap elementor-element-populated\">\n\t\t\t\t\t\t<div class=\"elementor-element elementor-element-9e8e69b elementor-widget elementor-widget-text-editor\" data-id=\"9e8e69b\" data-element_type=\"widget\" data-e-type=\"widget\" data-widget_type=\"text-editor.default\">\n\t\t\t\t<div class=\"elementor-widget-container\">\n\t\t\t\t\t\t\t\t\t<h3>JEAN-FRAN\u00c7OIS <b>BARBEAU<\/b><\/h3><h6><span style=\"font-family: avenir; color: #000000;\">Its under the direction and with the expert advice of Jean-Guy Plante, Luc Boivin, Philippe Keyser\nand Pierre H\u00e9bert that Jean-Fran\u00e7ois Barbeau managed to evolved and pushed his musicality even further. In 1998, he recorded with the UQAM Jazz formation. Since then, he has been noticed on the music scene and he has been invited on many projects with such artists as Carole Therrien, Alain B\u00e9dard, Andr\u00e9e Boudreau, Norman Lachapelle, Michel Donato and Sylvain Provost, who are some of the many that appreciate his great listening ability as well as his very melodic playing. \nHe replaces Paul Brochu with Sylvain Provost's trio for several shows in 2006 and 2007. Jean-Fran\u00e7ois joined the ranks of Jean Vavasse's quartet and he played along with guitarist Lauren Belec for singer Jean-Fran\u00e7ois Prud'homme. Different projects took him from Florida to the Caribbean and Geneva, Switzerland.\u00a0<\/span><\/h6>\t\t\t\t\t\t\t\t<\/div>\n\t\t\t\t<\/div>\n\t\t\t\t\t<\/div>\n\t\t<\/div>\n\t\t\t\t\t<\/div>\n\t\t<\/section>\n\t\t\t\t<section class=\"elementor-section elementor-top-section elementor-element elementor-element-29d78e7 elementor-section-boxed elementor-section-height-default elementor-section-height-default\" data-id=\"29d78e7\" data-element_type=\"section\" data-e-type=\"section\">\n\t\t\t\t\t\t<div class=\"elementor-container elementor-column-gap-default\">\n\t\t\t\t\t<div class=\"elementor-column elementor-col-100 elementor-top-column elementor-element elementor-element-54e98d9\" data-id=\"54e98d9\" data-element_type=\"column\" data-e-type=\"column\">\n\t\t\t<div class=\"elementor-widget-wrap elementor-element-populated\">\n\t\t\t\t\t\t<div class=\"elementor-element elementor-element-98cc076 elementor-shape-rounded elementor-grid-0 e-grid-align-center elementor-widget elementor-widget-social-icons\" data-id=\"98cc076\" data-element_type=\"widget\" data-e-type=\"widget\" data-widget_type=\"social-icons.default\">\n\t\t\t\t<div class=\"elementor-widget-container\">\n\t\t\t\t\t\t\t<div class=\"elementor-social-icons-wrapper elementor-grid\" role=\"list\">\n\t\t\t\t\t\t\t<span class=\"elementor-grid-item\" role=\"listitem\">\n\t\t\t\t\t<a class=\"elementor-icon elementor-social-icon elementor-social-icon-facebook elementor-animation-grow elementor-repeater-item-aad3d4a\" href=\"https:\/\/www.facebook.com\/Pascal-Tremblay-Jazz-Faction-47633834212\/?ref=aymt_homepage_panel&#038;eid=ARAQOz008s4IXCG7siMpxpsMPrUP3aXOOb8iqDni57noyQLPfQgUGvR7cDE82Wrkbe3mtNNg5rqJVjwK\" target=\"_blank\">\n\t\t\t\t\t\t<span class=\"elementor-screen-only\">Facebook<\/span>\n\t\t\t\t\t\t<i aria-hidden=\"true\" class=\"fab fa-facebook\"><\/i>\t\t\t\t\t<\/a>\n\t\t\t\t<\/span>\n\t\t\t\t\t\t\t<span class=\"elementor-grid-item\" role=\"listitem\">\n\t\t\t\t\t<a class=\"elementor-icon elementor-social-icon elementor-social-icon-youtube elementor-animation-grow elementor-repeater-item-8b6582f\" href=\"https:\/\/www.youtube.com\/jazzfaction\/\" target=\"_blank\">\n\t\t\t\t\t\t<span class=\"elementor-screen-only\">Youtube<\/span>\n\t\t\t\t\t\t<i aria-hidden=\"true\" class=\"fab fa-youtube\"><\/i>\t\t\t\t\t<\/a>\n\t\t\t\t<\/span>\n\t\t\t\t\t\t\t<span class=\"elementor-grid-item\" role=\"listitem\">\n\t\t\t\t\t<a class=\"elementor-icon elementor-social-icon elementor-social-icon-linkedin elementor-animation-grow elementor-repeater-item-3658574\" href=\"https:\/\/www.linkedin.com\/in\/pascal-tremblay-5b3409b\/\" target=\"_blank\">\n\t\t\t\t\t\t<span class=\"elementor-screen-only\">Linkedin<\/span>\n\t\t\t\t\t\t<i aria-hidden=\"true\" class=\"fab fa-linkedin\"><\/i>\t\t\t\t\t<\/a>\n\t\t\t\t<\/span>\n\t\t\t\t\t<\/div>\n\t\t\t\t\t\t<\/div>\n\t\t\t\t<\/div>\n\t\t\t\t\t<\/div>\n\t\t<\/div>\n\t\t\t\t\t<\/div>\n\t\t<\/section>\n\t\t\t\t<\/div>","protected":false},"excerpt":{"rendered":"<p>&nbsp; PASCAL TREMBLAY&nbsp; D\u00e8s l\u2019adolescence, il joue dans les Cara\u00efbes et \u00e0 travers l\u2019Europe, o\u00f9 il commence \u00e0 composer. Il soutient le jazz dans les Laurentides et la r\u00e9gion de<a href=\"https:\/\/meteo.jazzfaction.ca\/en\/bios\/\" class=\"more-link\"><span class=\"readmore\">Continue reading<span class=\"screen-reader-text\">Bios<\/span><\/span><\/a><\/p>","protected":false},"author":1,"featured_media":0,"parent":0,"menu_order":4,"comment_status":"closed","ping_status":"closed","template":"templates\/right-sidebar.php","meta":{"footnotes":""},"class_list":["post-21","page","type-page","status-publish","hentry"],"_links":{"self":[{"href":"https:\/\/meteo.jazzfaction.ca\/en\/wp-json\/wp\/v2\/pages\/21","targetHints":{"allow":["GET"]}}],"collection":[{"href":"https:\/\/meteo.jazzfaction.ca\/en\/wp-json\/wp\/v2\/pages"}],"about":[{"href":"https:\/\/meteo.jazzfaction.ca\/en\/wp-json\/wp\/v2\/types\/page"}],"author":[{"embeddable":true,"href":"https:\/\/meteo.jazzfaction.ca\/en\/wp-json\/wp\/v2\/users\/1"}],"replies":[{"embeddable":true,"href":"https:\/\/meteo.jazzfaction.ca\/en\/wp-json\/wp\/v2\/comments?post=21"}],"version-history":[{"count":26,"href":"https:\/\/meteo.jazzfaction.ca\/en\/wp-json\/wp\/v2\/pages\/21\/revisions"}],"predecessor-version":[{"id":498,"href":"https:\/\/meteo.jazzfaction.ca\/en\/wp-json\/wp\/v2\/pages\/21\/revisions\/498"}],"wp:attachment":[{"href":"https:\/\/meteo.jazzfaction.ca\/en\/wp-json\/wp\/v2\/media?parent=21"}],"curies":[{"name":"wp","href":"https:\/\/api.w.org\/{rel}","templated":true}]}}